{"id":39,"date":"2017-08-15T11:51:25","date_gmt":"2017-08-15T11:51:25","guid":{"rendered":"http:\/\/senplify.com\/?page_id=39"},"modified":"2024-10-02T15:15:48","modified_gmt":"2024-10-02T15:15:48","slug":"notre-savoir-faire","status":"publish","type":"page","link":"https:\/\/www.senplify.com\/index.php\/notre-savoir-faire\/","title":{"rendered":"Notre savoir-faire"},"content":{"rendered":"<h1>concevoir pour industrialiser<\/h1>\n<h2 class=\"western\">L\u2019exp\u00e9rience de nos ing\u00e9nieurs fait la diff\u00e9rence<\/h2>\n<p style=\"text-align: justify;\">L\u2019industrialisation de cartes \u00e9lectroniques est bien plus que la connexion des divers \u00e9l\u00e9ments, cela requiert l\u2019association de multiples talents. L\u2019exp\u00e9rience fait la diff\u00e9rence.<\/p>\n<p style=\"text-align: justify;\">Conna\u00eetre ces d\u00e9tails qui d\u00e9cident de l\u2019avenir d\u2019un produit sont pour nos clients une valeur ajout\u00e9e ind\u00e9niable pour le succ\u00e8s de leur projet. Senplify vous offre une expertise dans les domaines n\u00e9cessaires pour l\u2019industrialisation de capteurs connect\u00e9s.<\/p>\n<p>Nos ing\u00e9nieurs sont des experts dans leurs domaines:<br \/>\n&#8211; conception de carte \u00e9lectroniques digitale et analogiques<br \/>\n&#8211; conception et int\u00e9gration d\u2019antenne RF<br \/>\n&#8211; conception de logiciel embarqu\u00e9 (firmware) pour les microcontr\u00f4leurs<\/p>\n<p style=\"text-align: center;\"><img loading=\"lazy\" decoding=\"async\" class=\"alignnone size-large wp-image-4\" src=\"http:\/\/senplify.com\/wp-content\/uploads\/2017\/08\/comp\u00e9tences-1024x605.png\" alt=\"\" width=\"1024\" height=\"605\" srcset=\"https:\/\/www.senplify.com\/wp-content\/uploads\/2017\/08\/comp\u00e9tences-1024x605.png 1024w, https:\/\/www.senplify.com\/wp-content\/uploads\/2017\/08\/comp\u00e9tences-300x177.png 300w, https:\/\/www.senplify.com\/wp-content\/uploads\/2017\/08\/comp\u00e9tences-768x453.png 768w, https:\/\/www.senplify.com\/wp-content\/uploads\/2017\/08\/comp\u00e9tences.png 1653w\" sizes=\"auto, (max-width: 1024px) 100vw, 1024px\" \/><\/p>\n","protected":false},"excerpt":{"rendered":"<p>concevoir pour industrialiser L\u2019exp\u00e9rience de nos ing\u00e9nieurs fait la diff\u00e9rence L\u2019industrialisation de cartes \u00e9lectroniques est bien plus que la connexion des divers \u00e9l\u00e9ments, cela requiert l\u2019association de multiples talents. L\u2019exp\u00e9rience fait la diff\u00e9rence. Conna\u00eetre ces d\u00e9tails qui d\u00e9cident de l\u2019avenir d\u2019un produit sont pour nos clients une valeur ajout\u00e9e ind\u00e9niable pour le succ\u00e8s de leur&hellip; <br \/> <a class=\"read-more\" href=\"https:\/\/www.senplify.com\/index.php\/notre-savoir-faire\/\">Read more<\/a><\/p>\n","protected":false},"author":2,"featured_media":0,"parent":0,"menu_order":0,"comment_status":"closed","ping_status":"closed","template":"","meta":{"footnotes":""},"class_list":["post-39","page","type-page","status-publish","hentry"],"yoast_head":"<!-- This site is optimized with the Yoast SEO plugin v27.4 - https:\/\/yoast.com\/product\/yoast-seo-wordpress\/ -->\n<title>Notre savoir-faire - Senplify<\/title>\n<meta name=\"description\" content=\"L\u2019exp\u00e9rience de nos ing\u00e9nieurs dans l\u2019industrialisation de produits IOT fait toute la diff\u00e9rence pour la r\u00e9ussite de vos projets.\" \/>\n<meta name=\"robots\" content=\"index, follow, max-snippet:-1, max-image-preview:large, max-video-preview:-1\" \/>\n<link rel=\"canonical\" href=\"https:\/\/www.senplify.com\/index.php\/notre-savoir-faire\/\" \/>\n<meta property=\"og:locale\" content=\"en_GB\" \/>\n<meta property=\"og:type\" content=\"article\" \/>\n<meta property=\"og:title\" content=\"Notre savoir-faire - Senplify\" \/>\n<meta property=\"og:description\" content=\"L\u2019exp\u00e9rience de nos ing\u00e9nieurs dans l\u2019industrialisation de produits IOT fait toute la diff\u00e9rence pour la r\u00e9ussite de vos projets.\" \/>\n<meta property=\"og:url\" content=\"https:\/\/www.senplify.com\/index.php\/notre-savoir-faire\/\" \/>\n<meta property=\"og:site_name\" content=\"Senplify\" \/>\n<meta property=\"article:modified_time\" content=\"2024-10-02T15:15:48+00:00\" \/>\n<meta name=\"twitter:card\" content=\"summary_large_image\" \/>\n<meta name=\"twitter:label1\" content=\"Estimated reading time\" \/>\n\t<meta name=\"twitter:data1\" content=\"1 minute\" \/>\n<script type=\"application\/ld+json\" class=\"yoast-schema-graph\">{\"@context\":\"https:\\\/\\\/schema.org\",\"@graph\":[{\"@type\":\"WebPage\",\"@id\":\"https:\\\/\\\/www.senplify.com\\\/index.php\\\/notre-savoir-faire\\\/\",\"url\":\"https:\\\/\\\/www.senplify.com\\\/index.php\\\/notre-savoir-faire\\\/\",\"name\":\"Notre savoir-faire - Senplify\",\"isPartOf\":{\"@id\":\"https:\\\/\\\/www.senplify.com\\\/#website\"},\"datePublished\":\"2017-08-15T11:51:25+00:00\",\"dateModified\":\"2024-10-02T15:15:48+00:00\",\"description\":\"L\u2019exp\u00e9rience de nos ing\u00e9nieurs dans l\u2019industrialisation de produits IOT fait toute la diff\u00e9rence pour la r\u00e9ussite de vos projets.\",\"breadcrumb\":{\"@id\":\"https:\\\/\\\/www.senplify.com\\\/index.php\\\/notre-savoir-faire\\\/#breadcrumb\"},\"inLanguage\":\"en-GB\",\"potentialAction\":[{\"@type\":\"ReadAction\",\"target\":[\"https:\\\/\\\/www.senplify.com\\\/index.php\\\/notre-savoir-faire\\\/\"]}]},{\"@type\":\"BreadcrumbList\",\"@id\":\"https:\\\/\\\/www.senplify.com\\\/index.php\\\/notre-savoir-faire\\\/#breadcrumb\",\"itemListElement\":[{\"@type\":\"ListItem\",\"position\":1,\"name\":\"Home\",\"item\":\"https:\\\/\\\/www.senplify.com\\\/\"},{\"@type\":\"ListItem\",\"position\":2,\"name\":\"Notre savoir-faire\"}]},{\"@type\":\"WebSite\",\"@id\":\"https:\\\/\\\/www.senplify.com\\\/#website\",\"url\":\"https:\\\/\\\/www.senplify.com\\\/\",\"name\":\"Senplify\",\"description\":\"Votre partenaire capteurs connect\u00e9s de A \u00e0 Z\",\"publisher\":{\"@id\":\"https:\\\/\\\/www.senplify.com\\\/#organization\"},\"potentialAction\":[{\"@type\":\"SearchAction\",\"target\":{\"@type\":\"EntryPoint\",\"urlTemplate\":\"https:\\\/\\\/www.senplify.com\\\/?s={search_term_string}\"},\"query-input\":{\"@type\":\"PropertyValueSpecification\",\"valueRequired\":true,\"valueName\":\"search_term_string\"}}],\"inLanguage\":\"en-GB\"},{\"@type\":\"Organization\",\"@id\":\"https:\\\/\\\/www.senplify.com\\\/#organization\",\"name\":\"Senplify\",\"url\":\"https:\\\/\\\/www.senplify.com\\\/\",\"logo\":{\"@type\":\"ImageObject\",\"inLanguage\":\"en-GB\",\"@id\":\"https:\\\/\\\/www.senplify.com\\\/#\\\/schema\\\/logo\\\/image\\\/\",\"url\":\"https:\\\/\\\/www.senplify.com\\\/wp-content\\\/uploads\\\/2020\\\/03\\\/cropped-cropped-embleme-cropped-270x270-1-150x150-1.png\",\"contentUrl\":\"https:\\\/\\\/www.senplify.com\\\/wp-content\\\/uploads\\\/2020\\\/03\\\/cropped-cropped-embleme-cropped-270x270-1-150x150-1.png\",\"width\":150,\"height\":150,\"caption\":\"Senplify\"},\"image\":{\"@id\":\"https:\\\/\\\/www.senplify.com\\\/#\\\/schema\\\/logo\\\/image\\\/\"}}]}<\/script>\n<!-- \/ Yoast SEO plugin. -->","yoast_head_json":{"title":"Notre savoir-faire - Senplify","description":"L\u2019exp\u00e9rience de nos ing\u00e9nieurs dans l\u2019industrialisation de produits IOT fait toute la diff\u00e9rence pour la r\u00e9ussite de vos projets.","robots":{"index":"index","follow":"follow","max-snippet":"max-snippet:-1","max-image-preview":"max-image-preview:large","max-video-preview":"max-video-preview:-1"},"canonical":"https:\/\/www.senplify.com\/index.php\/notre-savoir-faire\/","og_locale":"en_GB","og_type":"article","og_title":"Notre savoir-faire - Senplify","og_description":"L\u2019exp\u00e9rience de nos ing\u00e9nieurs dans l\u2019industrialisation de produits IOT fait toute la diff\u00e9rence pour la r\u00e9ussite de vos projets.","og_url":"https:\/\/www.senplify.com\/index.php\/notre-savoir-faire\/","og_site_name":"Senplify","article_modified_time":"2024-10-02T15:15:48+00:00","twitter_card":"summary_large_image","twitter_misc":{"Estimated reading time":"1 minute"},"schema":{"@context":"https:\/\/schema.org","@graph":[{"@type":"WebPage","@id":"https:\/\/www.senplify.com\/index.php\/notre-savoir-faire\/","url":"https:\/\/www.senplify.com\/index.php\/notre-savoir-faire\/","name":"Notre savoir-faire - Senplify","isPartOf":{"@id":"https:\/\/www.senplify.com\/#website"},"datePublished":"2017-08-15T11:51:25+00:00","dateModified":"2024-10-02T15:15:48+00:00","description":"L\u2019exp\u00e9rience de nos ing\u00e9nieurs dans l\u2019industrialisation de produits IOT fait toute la diff\u00e9rence pour la r\u00e9ussite de vos projets.","breadcrumb":{"@id":"https:\/\/www.senplify.com\/index.php\/notre-savoir-faire\/#breadcrumb"},"inLanguage":"en-GB","potentialAction":[{"@type":"ReadAction","target":["https:\/\/www.senplify.com\/index.php\/notre-savoir-faire\/"]}]},{"@type":"BreadcrumbList","@id":"https:\/\/www.senplify.com\/index.php\/notre-savoir-faire\/#breadcrumb","itemListElement":[{"@type":"ListItem","position":1,"name":"Home","item":"https:\/\/www.senplify.com\/"},{"@type":"ListItem","position":2,"name":"Notre savoir-faire"}]},{"@type":"WebSite","@id":"https:\/\/www.senplify.com\/#website","url":"https:\/\/www.senplify.com\/","name":"Senplify","description":"Votre partenaire capteurs connect\u00e9s de A \u00e0 Z","publisher":{"@id":"https:\/\/www.senplify.com\/#organization"},"potentialAction":[{"@type":"SearchAction","target":{"@type":"EntryPoint","urlTemplate":"https:\/\/www.senplify.com\/?s={search_term_string}"},"query-input":{"@type":"PropertyValueSpecification","valueRequired":true,"valueName":"search_term_string"}}],"inLanguage":"en-GB"},{"@type":"Organization","@id":"https:\/\/www.senplify.com\/#organization","name":"Senplify","url":"https:\/\/www.senplify.com\/","logo":{"@type":"ImageObject","inLanguage":"en-GB","@id":"https:\/\/www.senplify.com\/#\/schema\/logo\/image\/","url":"https:\/\/www.senplify.com\/wp-content\/uploads\/2020\/03\/cropped-cropped-embleme-cropped-270x270-1-150x150-1.png","contentUrl":"https:\/\/www.senplify.com\/wp-content\/uploads\/2020\/03\/cropped-cropped-embleme-cropped-270x270-1-150x150-1.png","width":150,"height":150,"caption":"Senplify"},"image":{"@id":"https:\/\/www.senplify.com\/#\/schema\/logo\/image\/"}}]}},"_links":{"self":[{"href":"https:\/\/www.senplify.com\/index.php\/wp-json\/wp\/v2\/pages\/39","targetHints":{"allow":["GET"]}}],"collection":[{"href":"https:\/\/www.senplify.com\/index.php\/wp-json\/wp\/v2\/pages"}],"about":[{"href":"https:\/\/www.senplify.com\/index.php\/wp-json\/wp\/v2\/types\/page"}],"author":[{"embeddable":true,"href":"https:\/\/www.senplify.com\/index.php\/wp-json\/wp\/v2\/users\/2"}],"replies":[{"embeddable":true,"href":"https:\/\/www.senplify.com\/index.php\/wp-json\/wp\/v2\/comments?post=39"}],"version-history":[{"count":9,"href":"https:\/\/www.senplify.com\/index.php\/wp-json\/wp\/v2\/pages\/39\/revisions"}],"predecessor-version":[{"id":251,"href":"https:\/\/www.senplify.com\/index.php\/wp-json\/wp\/v2\/pages\/39\/revisions\/251"}],"wp:attachment":[{"href":"https:\/\/www.senplify.com\/index.php\/wp-json\/wp\/v2\/media?parent=39"}],"curies":[{"name":"wp","href":"https:\/\/api.w.org\/{rel}","templated":true}]}}