{"id":37,"date":"2017-08-15T11:49:14","date_gmt":"2017-08-15T11:49:14","guid":{"rendered":"http:\/\/senplify.com\/?page_id=37"},"modified":"2023-09-03T00:00:30","modified_gmt":"2023-09-03T00:00:30","slug":"conception-logiciel-embarque","status":"publish","type":"page","link":"https:\/\/www.senplify.com\/index.php\/notre-savoir-faire\/conception-logiciel-embarque\/","title":{"rendered":"Conception de logiciel embarqu\u00e9"},"content":{"rendered":"<p style=\"text-align: justify;\">Le <strong>firmware<\/strong> tire le meilleur de chaque composant s\u00e9lectionn\u00e9 afin d\u2019optimiser la consommation \u00e9nerg\u00e9tique et d\u2019acc\u00e9l\u00e9rer le d\u00e9veloppement. La connaissance du mat\u00e9riel (Hardware) est au c\u0153ur de notre d\u00e9veloppement du logiciel embarqu\u00e9. Senplify ma\u00eetrise les diff\u00e9rents aspects de sa conception :<\/p>\n<ul>\n<li>de l\u2019impl\u00e9mentation des diff\u00e9rentes couches (BSP, Drivers, Middleware)<\/li>\n<li>\u00e0 la ma\u00eetrise des protocoles de communication filaire (uart, SPI, I2C, CAN, Ethernet, &#8230;)<\/li>\n<li>ainsi que les protocoles RF (Wifi, Bluetooth LE, LoRaWan , Sigfox \u2026)<\/li>\n<li>optimisation des temps de fonctionnement \/ consommation de courant<\/li>\n<li>et les m\u00e9thodes de test en continu<\/li>\n<\/ul>\n<h2>Fiabilisation et validation<\/h2>\n<p style=\"text-align: justify;\">Senplify ajuste le logiciel embarqu\u00e9 aux besoins de l\u2019application.<\/p>\n<p>Afin de r\u00e9soudre des probl\u00e8mes \u00e9pineux de consommation de m\u00e9moire ou de CPU, Senplify dispose des outils permettant d\u2019instrumenter le code pour le diagnostic et la correction.<\/p>\n","protected":false},"excerpt":{"rendered":"<p>Le firmware tire le meilleur de chaque composant s\u00e9lectionn\u00e9 afin d\u2019optimiser la consommation \u00e9nerg\u00e9tique et d\u2019acc\u00e9l\u00e9rer le d\u00e9veloppement. La connaissance du mat\u00e9riel (Hardware) est au c\u0153ur de notre d\u00e9veloppement du logiciel embarqu\u00e9. Senplify ma\u00eetrise les diff\u00e9rents aspects de sa conception : de l\u2019impl\u00e9mentation des diff\u00e9rentes couches (BSP, Drivers, Middleware) \u00e0 la ma\u00eetrise des protocoles de&hellip; <br \/> <a class=\"read-more\" href=\"https:\/\/www.senplify.com\/index.php\/notre-savoir-faire\/conception-logiciel-embarque\/\">Read more<\/a><\/p>\n","protected":false},"author":2,"featured_media":0,"parent":39,"menu_order":0,"comment_status":"closed","ping_status":"closed","template":"","meta":{"footnotes":""},"class_list":["post-37","page","type-page","status-publish","hentry"],"yoast_head":"<!-- This site is optimized with the Yoast SEO plugin v27.5 - https:\/\/yoast.com\/product\/yoast-seo-wordpress\/ -->\n<title>Conception de logiciel embarqu\u00e9 - Senplify<\/title>\n<meta name=\"description\" content=\"Senplify d\u00e9veloppe des logiciels embarqu\u00e9s temps r\u00e9el sur micro-contr\u00f4leur (ARM).\" \/>\n<meta name=\"robots\" content=\"index, follow, max-snippet:-1, max-image-preview:large, max-video-preview:-1\" \/>\n<link rel=\"canonical\" href=\"https:\/\/www.senplify.com\/index.php\/notre-savoir-faire\/conception-logiciel-embarque\/\" \/>\n<meta property=\"og:locale\" content=\"en_GB\" \/>\n<meta property=\"og:type\" content=\"article\" \/>\n<meta property=\"og:title\" content=\"Conception de logiciel embarqu\u00e9 - Senplify\" \/>\n<meta property=\"og:description\" content=\"Senplify d\u00e9veloppe des logiciels embarqu\u00e9s temps r\u00e9el sur micro-contr\u00f4leur (ARM).\" \/>\n<meta property=\"og:url\" content=\"https:\/\/www.senplify.com\/index.php\/notre-savoir-faire\/conception-logiciel-embarque\/\" \/>\n<meta property=\"og:site_name\" content=\"Senplify\" \/>\n<meta property=\"article:modified_time\" content=\"2023-09-03T00:00:30+00:00\" \/>\n<meta name=\"twitter:card\" content=\"summary_large_image\" \/>\n<meta name=\"twitter:label1\" content=\"Estimated reading time\" \/>\n\t<meta name=\"twitter:data1\" content=\"1 minute\" \/>\n<script type=\"application\/ld+json\" class=\"yoast-schema-graph\">{\"@context\":\"https:\\\/\\\/schema.org\",\"@graph\":[{\"@type\":\"WebPage\",\"@id\":\"https:\\\/\\\/www.senplify.com\\\/index.php\\\/notre-savoir-faire\\\/conception-logiciel-embarque\\\/\",\"url\":\"https:\\\/\\\/www.senplify.com\\\/index.php\\\/notre-savoir-faire\\\/conception-logiciel-embarque\\\/\",\"name\":\"Conception de logiciel embarqu\u00e9 - Senplify\",\"isPartOf\":{\"@id\":\"https:\\\/\\\/www.senplify.com\\\/#website\"},\"datePublished\":\"2017-08-15T11:49:14+00:00\",\"dateModified\":\"2023-09-03T00:00:30+00:00\",\"description\":\"Senplify d\u00e9veloppe des logiciels embarqu\u00e9s temps r\u00e9el sur micro-contr\u00f4leur (ARM).\",\"breadcrumb\":{\"@id\":\"https:\\\/\\\/www.senplify.com\\\/index.php\\\/notre-savoir-faire\\\/conception-logiciel-embarque\\\/#breadcrumb\"},\"inLanguage\":\"en-GB\",\"potentialAction\":[{\"@type\":\"ReadAction\",\"target\":[\"https:\\\/\\\/www.senplify.com\\\/index.php\\\/notre-savoir-faire\\\/conception-logiciel-embarque\\\/\"]}]},{\"@type\":\"BreadcrumbList\",\"@id\":\"https:\\\/\\\/www.senplify.com\\\/index.php\\\/notre-savoir-faire\\\/conception-logiciel-embarque\\\/#breadcrumb\",\"itemListElement\":[{\"@type\":\"ListItem\",\"position\":1,\"name\":\"Home\",\"item\":\"https:\\\/\\\/www.senplify.com\\\/\"},{\"@type\":\"ListItem\",\"position\":2,\"name\":\"Notre savoir-faire\",\"item\":\"https:\\\/\\\/www.senplify.com\\\/index.php\\\/notre-savoir-faire\\\/\"},{\"@type\":\"ListItem\",\"position\":3,\"name\":\"Conception de logiciel embarqu\u00e9\"}]},{\"@type\":\"WebSite\",\"@id\":\"https:\\\/\\\/www.senplify.com\\\/#website\",\"url\":\"https:\\\/\\\/www.senplify.com\\\/\",\"name\":\"Senplify\",\"description\":\"Votre partenaire capteurs connect\u00e9s de A \u00e0 Z\",\"publisher\":{\"@id\":\"https:\\\/\\\/www.senplify.com\\\/#organization\"},\"potentialAction\":[{\"@type\":\"SearchAction\",\"target\":{\"@type\":\"EntryPoint\",\"urlTemplate\":\"https:\\\/\\\/www.senplify.com\\\/?s={search_term_string}\"},\"query-input\":{\"@type\":\"PropertyValueSpecification\",\"valueRequired\":true,\"valueName\":\"search_term_string\"}}],\"inLanguage\":\"en-GB\"},{\"@type\":\"Organization\",\"@id\":\"https:\\\/\\\/www.senplify.com\\\/#organization\",\"name\":\"Senplify\",\"url\":\"https:\\\/\\\/www.senplify.com\\\/\",\"logo\":{\"@type\":\"ImageObject\",\"inLanguage\":\"en-GB\",\"@id\":\"https:\\\/\\\/www.senplify.com\\\/#\\\/schema\\\/logo\\\/image\\\/\",\"url\":\"https:\\\/\\\/www.senplify.com\\\/wp-content\\\/uploads\\\/2020\\\/03\\\/cropped-cropped-embleme-cropped-270x270-1-150x150-1.png\",\"contentUrl\":\"https:\\\/\\\/www.senplify.com\\\/wp-content\\\/uploads\\\/2020\\\/03\\\/cropped-cropped-embleme-cropped-270x270-1-150x150-1.png\",\"width\":150,\"height\":150,\"caption\":\"Senplify\"},\"image\":{\"@id\":\"https:\\\/\\\/www.senplify.com\\\/#\\\/schema\\\/logo\\\/image\\\/\"}}]}<\/script>\n<!-- \/ Yoast SEO plugin. -->","yoast_head_json":{"title":"Conception de logiciel embarqu\u00e9 - Senplify","description":"Senplify d\u00e9veloppe des logiciels embarqu\u00e9s temps r\u00e9el sur micro-contr\u00f4leur (ARM).","robots":{"index":"index","follow":"follow","max-snippet":"max-snippet:-1","max-image-preview":"max-image-preview:large","max-video-preview":"max-video-preview:-1"},"canonical":"https:\/\/www.senplify.com\/index.php\/notre-savoir-faire\/conception-logiciel-embarque\/","og_locale":"en_GB","og_type":"article","og_title":"Conception de logiciel embarqu\u00e9 - Senplify","og_description":"Senplify d\u00e9veloppe des logiciels embarqu\u00e9s temps r\u00e9el sur micro-contr\u00f4leur (ARM).","og_url":"https:\/\/www.senplify.com\/index.php\/notre-savoir-faire\/conception-logiciel-embarque\/","og_site_name":"Senplify","article_modified_time":"2023-09-03T00:00:30+00:00","twitter_card":"summary_large_image","twitter_misc":{"Estimated reading time":"1 minute"},"schema":{"@context":"https:\/\/schema.org","@graph":[{"@type":"WebPage","@id":"https:\/\/www.senplify.com\/index.php\/notre-savoir-faire\/conception-logiciel-embarque\/","url":"https:\/\/www.senplify.com\/index.php\/notre-savoir-faire\/conception-logiciel-embarque\/","name":"Conception de logiciel embarqu\u00e9 - Senplify","isPartOf":{"@id":"https:\/\/www.senplify.com\/#website"},"datePublished":"2017-08-15T11:49:14+00:00","dateModified":"2023-09-03T00:00:30+00:00","description":"Senplify d\u00e9veloppe des logiciels embarqu\u00e9s temps r\u00e9el sur micro-contr\u00f4leur (ARM).","breadcrumb":{"@id":"https:\/\/www.senplify.com\/index.php\/notre-savoir-faire\/conception-logiciel-embarque\/#breadcrumb"},"inLanguage":"en-GB","potentialAction":[{"@type":"ReadAction","target":["https:\/\/www.senplify.com\/index.php\/notre-savoir-faire\/conception-logiciel-embarque\/"]}]},{"@type":"BreadcrumbList","@id":"https:\/\/www.senplify.com\/index.php\/notre-savoir-faire\/conception-logiciel-embarque\/#breadcrumb","itemListElement":[{"@type":"ListItem","position":1,"name":"Home","item":"https:\/\/www.senplify.com\/"},{"@type":"ListItem","position":2,"name":"Notre savoir-faire","item":"https:\/\/www.senplify.com\/index.php\/notre-savoir-faire\/"},{"@type":"ListItem","position":3,"name":"Conception de logiciel embarqu\u00e9"}]},{"@type":"WebSite","@id":"https:\/\/www.senplify.com\/#website","url":"https:\/\/www.senplify.com\/","name":"Senplify","description":"Votre partenaire capteurs connect\u00e9s de A \u00e0 Z","publisher":{"@id":"https:\/\/www.senplify.com\/#organization"},"potentialAction":[{"@type":"SearchAction","target":{"@type":"EntryPoint","urlTemplate":"https:\/\/www.senplify.com\/?s={search_term_string}"},"query-input":{"@type":"PropertyValueSpecification","valueRequired":true,"valueName":"search_term_string"}}],"inLanguage":"en-GB"},{"@type":"Organization","@id":"https:\/\/www.senplify.com\/#organization","name":"Senplify","url":"https:\/\/www.senplify.com\/","logo":{"@type":"ImageObject","inLanguage":"en-GB","@id":"https:\/\/www.senplify.com\/#\/schema\/logo\/image\/","url":"https:\/\/www.senplify.com\/wp-content\/uploads\/2020\/03\/cropped-cropped-embleme-cropped-270x270-1-150x150-1.png","contentUrl":"https:\/\/www.senplify.com\/wp-content\/uploads\/2020\/03\/cropped-cropped-embleme-cropped-270x270-1-150x150-1.png","width":150,"height":150,"caption":"Senplify"},"image":{"@id":"https:\/\/www.senplify.com\/#\/schema\/logo\/image\/"}}]}},"_links":{"self":[{"href":"https:\/\/www.senplify.com\/index.php\/wp-json\/wp\/v2\/pages\/37","targetHints":{"allow":["GET"]}}],"collection":[{"href":"https:\/\/www.senplify.com\/index.php\/wp-json\/wp\/v2\/pages"}],"about":[{"href":"https:\/\/www.senplify.com\/index.php\/wp-json\/wp\/v2\/types\/page"}],"author":[{"embeddable":true,"href":"https:\/\/www.senplify.com\/index.php\/wp-json\/wp\/v2\/users\/2"}],"replies":[{"embeddable":true,"href":"https:\/\/www.senplify.com\/index.php\/wp-json\/wp\/v2\/comments?post=37"}],"version-history":[{"count":11,"href":"https:\/\/www.senplify.com\/index.php\/wp-json\/wp\/v2\/pages\/37\/revisions"}],"predecessor-version":[{"id":321,"href":"https:\/\/www.senplify.com\/index.php\/wp-json\/wp\/v2\/pages\/37\/revisions\/321"}],"up":[{"embeddable":true,"href":"https:\/\/www.senplify.com\/index.php\/wp-json\/wp\/v2\/pages\/39"}],"wp:attachment":[{"href":"https:\/\/www.senplify.com\/index.php\/wp-json\/wp\/v2\/media?parent=37"}],"curies":[{"name":"wp","href":"https:\/\/api.w.org\/{rel}","templated":true}]}}