{"id":35,"date":"2017-08-15T11:47:43","date_gmt":"2017-08-15T11:47:43","guid":{"rendered":"http:\/\/senplify.com\/?page_id=35"},"modified":"2023-08-08T08:42:38","modified_gmt":"2023-08-08T08:42:38","slug":"conception-de-carte-electronique","status":"publish","type":"page","link":"https:\/\/www.senplify.com\/index.php\/notre-savoir-faire\/conception-de-carte-electronique\/","title":{"rendered":"Conception de cartes \u00e9lectroniques"},"content":{"rendered":"\n<figure class=\"wp-block-image size-large\"><img loading=\"lazy\" decoding=\"async\" width=\"1024\" height=\"239\" src=\"https:\/\/www.senplify.com\/wp-content\/uploads\/2023\/08\/image-3-1024x239.png\" alt=\"\" class=\"wp-image-299\" srcset=\"https:\/\/www.senplify.com\/wp-content\/uploads\/2023\/08\/image-3-1024x239.png 1024w, https:\/\/www.senplify.com\/wp-content\/uploads\/2023\/08\/image-3-300x70.png 300w, https:\/\/www.senplify.com\/wp-content\/uploads\/2023\/08\/image-3-768x179.png 768w, https:\/\/www.senplify.com\/wp-content\/uploads\/2023\/08\/image-3-1536x359.png 1536w, https:\/\/www.senplify.com\/wp-content\/uploads\/2023\/08\/image-3-2048x479.png 2048w, https:\/\/www.senplify.com\/wp-content\/uploads\/2023\/08\/image-3-1920x449.png 1920w\" sizes=\"auto, (max-width: 1024px) 100vw, 1024px\" \/><\/figure>\n\n\n\n<h2 class=\"wp-block-heading\">Concevoir et industrialiser<\/h2>\n\n\n<p style=\"text-align: justify;\">Senplify est sp\u00e9cialis\u00e9 dans la conception et l\u2019industrialisation de cartes \u00e9lectroniques analogiques, num\u00e9riques et RF. Nos Ing\u00e9nieurs poss\u00e8dent les comp\u00e9tences en architecture, conception et industrialisation pour les objets connect\u00e9s de petite et grande s\u00e9rie.<br>Notre \u00e9quipe utilise ses exp\u00e9riences pr\u00e9c\u00e9dentes pour fournir in fine \u00e0 ses clients des solutions fiables. En agissant comme une extension de l&#8217;\u00e9quipe d&#8217;ing\u00e9nierie de votre entreprise, nous sommes en mesure de fournir une valeur efficiente au processus de d\u00e9veloppement de votre projet.<\/p>\n<p style=\"text-align: justify;\">Senplify vous fournit rapidement des prototypes de vos produits \u00e9lectroniques afin d\u2019acc\u00e9l\u00e9rer la validation in situ et la mise sur le march\u00e9 de vos produits. Nous poss\u00e9dons les m\u00e9thodes et les \u00e9quipements pour fabriquer des maquettes&nbsp;en d\u00e9lai court.<\/p>\n<p><\/p>\n\n\n<h2 class=\"wp-block-heading\">Optimisation des co\u00fbts par Analyse de la Valeur<\/h2>\n\n\n\n<p>Senplify vous conseille dans l\u2019optimisation des co\u00fbts gr\u00e2ce \u00e0 l\u2019analyse de la valeur ou \u00ab&nbsp;redesign to cost&nbsp;\u00bb de vos produits \u00e9lectroniques. Notre \u00e9quipe de conception peut vous garantir des produits et des services de qualit\u00e9 \u00e0 des co\u00fbt optimis\u00e9s :&nbsp;\u00ab Le n\u00e9cessaire et suffisant \u00bb.<\/p>\n\n\n\n<p><a href=\"http:\/\/www.afav.eu\/index.php?option=com_content&amp;task=view&amp;id=12&amp;Itemid=26\">AFAV.&nbsp;<\/a> n\u00b01270<\/p>\n","protected":false},"excerpt":{"rendered":"<p>Concevoir et industrialiser Senplify est sp\u00e9cialis\u00e9 dans la conception et l\u2019industrialisation de cartes \u00e9lectroniques analogiques, num\u00e9riques et RF. Nos Ing\u00e9nieurs poss\u00e8dent les comp\u00e9tences en architecture, conception et industrialisation pour les objets connect\u00e9s de petite et grande s\u00e9rie.Notre \u00e9quipe utilise ses exp\u00e9riences pr\u00e9c\u00e9dentes pour fournir in fine \u00e0 ses clients des solutions fiables. En agissant comme&hellip; <br \/> <a class=\"read-more\" href=\"https:\/\/www.senplify.com\/index.php\/notre-savoir-faire\/conception-de-carte-electronique\/\">Read more<\/a><\/p>\n","protected":false},"author":2,"featured_media":283,"parent":39,"menu_order":0,"comment_status":"closed","ping_status":"closed","template":"","meta":{"footnotes":""},"class_list":["post-35","page","type-page","status-publish","has-post-thumbnail","hentry"],"yoast_head":"<!-- This site is optimized with the Yoast SEO plugin v27.6 - https:\/\/yoast.com\/product\/yoast-seo-wordpress\/ -->\n<title>Conception de cartes \u00e9lectroniques - Senplify<\/title>\n<meta name=\"description\" content=\"Senplify con\u00e7oit et industrialise des cartes \u00e9lectroniques. L\u2019optimisation des co\u00fbts par l\u2019analyse de la valeur est au centre de notre d\u00e9marche.\" \/>\n<meta name=\"robots\" content=\"index, follow, max-snippet:-1, max-image-preview:large, max-video-preview:-1\" \/>\n<link rel=\"canonical\" href=\"https:\/\/www.senplify.com\/index.php\/notre-savoir-faire\/conception-de-carte-electronique\/\" \/>\n<meta property=\"og:locale\" content=\"en_GB\" \/>\n<meta property=\"og:type\" content=\"article\" \/>\n<meta property=\"og:title\" content=\"Conception de cartes \u00e9lectroniques - Senplify\" \/>\n<meta property=\"og:description\" content=\"Senplify con\u00e7oit et industrialise des cartes \u00e9lectroniques. L\u2019optimisation des co\u00fbts par l\u2019analyse de la valeur est au centre de notre d\u00e9marche.\" \/>\n<meta property=\"og:url\" content=\"https:\/\/www.senplify.com\/index.php\/notre-savoir-faire\/conception-de-carte-electronique\/\" \/>\n<meta property=\"og:site_name\" content=\"Senplify\" \/>\n<meta property=\"article:modified_time\" content=\"2023-08-08T08:42:38+00:00\" \/>\n<meta property=\"og:image\" content=\"https:\/\/www.senplify.com\/wp-content\/uploads\/2023\/08\/plan-3D-F2_B.png\" \/>\n\t<meta property=\"og:image:width\" content=\"1879\" \/>\n\t<meta property=\"og:image:height\" content=\"937\" \/>\n\t<meta property=\"og:image:type\" content=\"image\/png\" \/>\n<meta name=\"twitter:card\" content=\"summary_large_image\" \/>\n<meta name=\"twitter:label1\" content=\"Estimated reading time\" \/>\n\t<meta name=\"twitter:data1\" content=\"1 minute\" \/>\n<script type=\"application\/ld+json\" class=\"yoast-schema-graph\">{\"@context\":\"https:\\\/\\\/schema.org\",\"@graph\":[{\"@type\":\"WebPage\",\"@id\":\"https:\\\/\\\/www.senplify.com\\\/index.php\\\/notre-savoir-faire\\\/conception-de-carte-electronique\\\/\",\"url\":\"https:\\\/\\\/www.senplify.com\\\/index.php\\\/notre-savoir-faire\\\/conception-de-carte-electronique\\\/\",\"name\":\"Conception de cartes \u00e9lectroniques - Senplify\",\"isPartOf\":{\"@id\":\"https:\\\/\\\/www.senplify.com\\\/#website\"},\"primaryImageOfPage\":{\"@id\":\"https:\\\/\\\/www.senplify.com\\\/index.php\\\/notre-savoir-faire\\\/conception-de-carte-electronique\\\/#primaryimage\"},\"image\":{\"@id\":\"https:\\\/\\\/www.senplify.com\\\/index.php\\\/notre-savoir-faire\\\/conception-de-carte-electronique\\\/#primaryimage\"},\"thumbnailUrl\":\"https:\\\/\\\/www.senplify.com\\\/wp-content\\\/uploads\\\/2023\\\/08\\\/plan-3D-F2_B.png\",\"datePublished\":\"2017-08-15T11:47:43+00:00\",\"dateModified\":\"2023-08-08T08:42:38+00:00\",\"description\":\"Senplify con\u00e7oit et industrialise des cartes \u00e9lectroniques. L\u2019optimisation des co\u00fbts par l\u2019analyse de la valeur est au centre de notre d\u00e9marche.\",\"breadcrumb\":{\"@id\":\"https:\\\/\\\/www.senplify.com\\\/index.php\\\/notre-savoir-faire\\\/conception-de-carte-electronique\\\/#breadcrumb\"},\"inLanguage\":\"en-GB\",\"potentialAction\":[{\"@type\":\"ReadAction\",\"target\":[\"https:\\\/\\\/www.senplify.com\\\/index.php\\\/notre-savoir-faire\\\/conception-de-carte-electronique\\\/\"]}]},{\"@type\":\"ImageObject\",\"inLanguage\":\"en-GB\",\"@id\":\"https:\\\/\\\/www.senplify.com\\\/index.php\\\/notre-savoir-faire\\\/conception-de-carte-electronique\\\/#primaryimage\",\"url\":\"https:\\\/\\\/www.senplify.com\\\/wp-content\\\/uploads\\\/2023\\\/08\\\/plan-3D-F2_B.png\",\"contentUrl\":\"https:\\\/\\\/www.senplify.com\\\/wp-content\\\/uploads\\\/2023\\\/08\\\/plan-3D-F2_B.png\",\"width\":1879,\"height\":937},{\"@type\":\"BreadcrumbList\",\"@id\":\"https:\\\/\\\/www.senplify.com\\\/index.php\\\/notre-savoir-faire\\\/conception-de-carte-electronique\\\/#breadcrumb\",\"itemListElement\":[{\"@type\":\"ListItem\",\"position\":1,\"name\":\"Home\",\"item\":\"https:\\\/\\\/www.senplify.com\\\/\"},{\"@type\":\"ListItem\",\"position\":2,\"name\":\"Notre savoir-faire\",\"item\":\"https:\\\/\\\/www.senplify.com\\\/index.php\\\/notre-savoir-faire\\\/\"},{\"@type\":\"ListItem\",\"position\":3,\"name\":\"Conception de cartes \u00e9lectroniques\"}]},{\"@type\":\"WebSite\",\"@id\":\"https:\\\/\\\/www.senplify.com\\\/#website\",\"url\":\"https:\\\/\\\/www.senplify.com\\\/\",\"name\":\"Senplify\",\"description\":\"Votre partenaire capteurs connect\u00e9s de A \u00e0 Z\",\"publisher\":{\"@id\":\"https:\\\/\\\/www.senplify.com\\\/#organization\"},\"potentialAction\":[{\"@type\":\"SearchAction\",\"target\":{\"@type\":\"EntryPoint\",\"urlTemplate\":\"https:\\\/\\\/www.senplify.com\\\/?s={search_term_string}\"},\"query-input\":{\"@type\":\"PropertyValueSpecification\",\"valueRequired\":true,\"valueName\":\"search_term_string\"}}],\"inLanguage\":\"en-GB\"},{\"@type\":\"Organization\",\"@id\":\"https:\\\/\\\/www.senplify.com\\\/#organization\",\"name\":\"Senplify\",\"url\":\"https:\\\/\\\/www.senplify.com\\\/\",\"logo\":{\"@type\":\"ImageObject\",\"inLanguage\":\"en-GB\",\"@id\":\"https:\\\/\\\/www.senplify.com\\\/#\\\/schema\\\/logo\\\/image\\\/\",\"url\":\"https:\\\/\\\/www.senplify.com\\\/wp-content\\\/uploads\\\/2020\\\/03\\\/cropped-cropped-embleme-cropped-270x270-1-150x150-1.png\",\"contentUrl\":\"https:\\\/\\\/www.senplify.com\\\/wp-content\\\/uploads\\\/2020\\\/03\\\/cropped-cropped-embleme-cropped-270x270-1-150x150-1.png\",\"width\":150,\"height\":150,\"caption\":\"Senplify\"},\"image\":{\"@id\":\"https:\\\/\\\/www.senplify.com\\\/#\\\/schema\\\/logo\\\/image\\\/\"}}]}<\/script>\n<!-- \/ Yoast SEO plugin. -->","yoast_head_json":{"title":"Conception de cartes \u00e9lectroniques - Senplify","description":"Senplify con\u00e7oit et industrialise des cartes \u00e9lectroniques. L\u2019optimisation des co\u00fbts par l\u2019analyse de la valeur est au centre de notre d\u00e9marche.","robots":{"index":"index","follow":"follow","max-snippet":"max-snippet:-1","max-image-preview":"max-image-preview:large","max-video-preview":"max-video-preview:-1"},"canonical":"https:\/\/www.senplify.com\/index.php\/notre-savoir-faire\/conception-de-carte-electronique\/","og_locale":"en_GB","og_type":"article","og_title":"Conception de cartes \u00e9lectroniques - Senplify","og_description":"Senplify con\u00e7oit et industrialise des cartes \u00e9lectroniques. L\u2019optimisation des co\u00fbts par l\u2019analyse de la valeur est au centre de notre d\u00e9marche.","og_url":"https:\/\/www.senplify.com\/index.php\/notre-savoir-faire\/conception-de-carte-electronique\/","og_site_name":"Senplify","article_modified_time":"2023-08-08T08:42:38+00:00","og_image":[{"width":1879,"height":937,"url":"https:\/\/www.senplify.com\/wp-content\/uploads\/2023\/08\/plan-3D-F2_B.png","type":"image\/png"}],"twitter_card":"summary_large_image","twitter_misc":{"Estimated reading time":"1 minute"},"schema":{"@context":"https:\/\/schema.org","@graph":[{"@type":"WebPage","@id":"https:\/\/www.senplify.com\/index.php\/notre-savoir-faire\/conception-de-carte-electronique\/","url":"https:\/\/www.senplify.com\/index.php\/notre-savoir-faire\/conception-de-carte-electronique\/","name":"Conception de cartes \u00e9lectroniques - Senplify","isPartOf":{"@id":"https:\/\/www.senplify.com\/#website"},"primaryImageOfPage":{"@id":"https:\/\/www.senplify.com\/index.php\/notre-savoir-faire\/conception-de-carte-electronique\/#primaryimage"},"image":{"@id":"https:\/\/www.senplify.com\/index.php\/notre-savoir-faire\/conception-de-carte-electronique\/#primaryimage"},"thumbnailUrl":"https:\/\/www.senplify.com\/wp-content\/uploads\/2023\/08\/plan-3D-F2_B.png","datePublished":"2017-08-15T11:47:43+00:00","dateModified":"2023-08-08T08:42:38+00:00","description":"Senplify con\u00e7oit et industrialise des cartes \u00e9lectroniques. L\u2019optimisation des co\u00fbts par l\u2019analyse de la valeur est au centre de notre d\u00e9marche.","breadcrumb":{"@id":"https:\/\/www.senplify.com\/index.php\/notre-savoir-faire\/conception-de-carte-electronique\/#breadcrumb"},"inLanguage":"en-GB","potentialAction":[{"@type":"ReadAction","target":["https:\/\/www.senplify.com\/index.php\/notre-savoir-faire\/conception-de-carte-electronique\/"]}]},{"@type":"ImageObject","inLanguage":"en-GB","@id":"https:\/\/www.senplify.com\/index.php\/notre-savoir-faire\/conception-de-carte-electronique\/#primaryimage","url":"https:\/\/www.senplify.com\/wp-content\/uploads\/2023\/08\/plan-3D-F2_B.png","contentUrl":"https:\/\/www.senplify.com\/wp-content\/uploads\/2023\/08\/plan-3D-F2_B.png","width":1879,"height":937},{"@type":"BreadcrumbList","@id":"https:\/\/www.senplify.com\/index.php\/notre-savoir-faire\/conception-de-carte-electronique\/#breadcrumb","itemListElement":[{"@type":"ListItem","position":1,"name":"Home","item":"https:\/\/www.senplify.com\/"},{"@type":"ListItem","position":2,"name":"Notre savoir-faire","item":"https:\/\/www.senplify.com\/index.php\/notre-savoir-faire\/"},{"@type":"ListItem","position":3,"name":"Conception de cartes \u00e9lectroniques"}]},{"@type":"WebSite","@id":"https:\/\/www.senplify.com\/#website","url":"https:\/\/www.senplify.com\/","name":"Senplify","description":"Votre partenaire capteurs connect\u00e9s de A \u00e0 Z","publisher":{"@id":"https:\/\/www.senplify.com\/#organization"},"potentialAction":[{"@type":"SearchAction","target":{"@type":"EntryPoint","urlTemplate":"https:\/\/www.senplify.com\/?s={search_term_string}"},"query-input":{"@type":"PropertyValueSpecification","valueRequired":true,"valueName":"search_term_string"}}],"inLanguage":"en-GB"},{"@type":"Organization","@id":"https:\/\/www.senplify.com\/#organization","name":"Senplify","url":"https:\/\/www.senplify.com\/","logo":{"@type":"ImageObject","inLanguage":"en-GB","@id":"https:\/\/www.senplify.com\/#\/schema\/logo\/image\/","url":"https:\/\/www.senplify.com\/wp-content\/uploads\/2020\/03\/cropped-cropped-embleme-cropped-270x270-1-150x150-1.png","contentUrl":"https:\/\/www.senplify.com\/wp-content\/uploads\/2020\/03\/cropped-cropped-embleme-cropped-270x270-1-150x150-1.png","width":150,"height":150,"caption":"Senplify"},"image":{"@id":"https:\/\/www.senplify.com\/#\/schema\/logo\/image\/"}}]}},"_links":{"self":[{"href":"https:\/\/www.senplify.com\/index.php\/wp-json\/wp\/v2\/pages\/35","targetHints":{"allow":["GET"]}}],"collection":[{"href":"https:\/\/www.senplify.com\/index.php\/wp-json\/wp\/v2\/pages"}],"about":[{"href":"https:\/\/www.senplify.com\/index.php\/wp-json\/wp\/v2\/types\/page"}],"author":[{"embeddable":true,"href":"https:\/\/www.senplify.com\/index.php\/wp-json\/wp\/v2\/users\/2"}],"replies":[{"embeddable":true,"href":"https:\/\/www.senplify.com\/index.php\/wp-json\/wp\/v2\/comments?post=35"}],"version-history":[{"count":17,"href":"https:\/\/www.senplify.com\/index.php\/wp-json\/wp\/v2\/pages\/35\/revisions"}],"predecessor-version":[{"id":300,"href":"https:\/\/www.senplify.com\/index.php\/wp-json\/wp\/v2\/pages\/35\/revisions\/300"}],"up":[{"embeddable":true,"href":"https:\/\/www.senplify.com\/index.php\/wp-json\/wp\/v2\/pages\/39"}],"wp:featuredmedia":[{"embeddable":true,"href":"https:\/\/www.senplify.com\/index.php\/wp-json\/wp\/v2\/media\/283"}],"wp:attachment":[{"href":"https:\/\/www.senplify.com\/index.php\/wp-json\/wp\/v2\/media?parent=35"}],"curies":[{"name":"wp","href":"https:\/\/api.w.org\/{rel}","templated":true}]}}