{"id":32,"date":"2017-08-15T11:46:55","date_gmt":"2017-08-15T11:46:55","guid":{"rendered":"http:\/\/senplify.com\/?page_id=32"},"modified":"2023-08-08T08:49:15","modified_gmt":"2023-08-08T08:49:15","slug":"conception-dantenne","status":"publish","type":"page","link":"https:\/\/www.senplify.com\/index.php\/notre-savoir-faire\/conception-dantenne\/","title":{"rendered":"Conception d&#8217;antennes"},"content":{"rendered":"\n<h2 class=\"wp-block-heading\">Prototypage rapide pour une conception optimis\u00e9e<\/h2>\n\n\n<p style=\"text-align: justify;\">Senplify con\u00e7oit des antennes UHF (LoRa, RFID, Bluetooth,..) d\u00e9di\u00e9es aux applications industrielles. Ces antennes r\u00e9pondent aux sp\u00e9cifications \u00e9lectriques et m\u00e9caniques ainsi qu\u2019aux exigences budg\u00e9taires. Ainsi Senplify con\u00e7oit ses antennes en tenant compte de la fabrication, en utilisant des mat\u00e9riaux standard et en minimisant les processus d&#8217;assemblage compliqu\u00e9s.<\/p>\n<p>Le processus de conception de Senplify comprend g\u00e9n\u00e9ralement:<\/p>\n<ul>\n<li>Recommandations de faisabilit\u00e9,<\/li>\n<li>Optimisation du placement de l&#8217;antenne:<\/li>\n<\/ul>\n<p>Les experts en syst\u00e8mes RF de Senplify examinent la conception de l&#8217;appareil et font des recommandations pour le placement de l&#8217;antenn<span style=\"font-size: 1rem;\">e et les ajustements de taille \/ performance.<\/span><\/p>\n\n\n<h2 class=\"wp-block-heading\">Simulations<\/h2>\n\n\n\n<p>Senplify utilise des dessins de CAO (conception assist\u00e9e par ordinateur) ou des prototypes d&#8217;appareils physiques pour pr\u00e9parer des donn\u00e9es de simulation, permettant aux clients de voir les performances de l&#8217;antenne \u00e0 des tailles et des configurations particuli\u00e8res.<\/p>\n\n\n\n<h2 class=\"wp-block-heading\">Prototype<\/h2>\n\n\n\n<p>Durant la phase de conception, Senplify fabrique rapidement des premiers prototypes afin de valider les premi\u00e8res hypoth\u00e8ses de design. <\/p>\n\n\n\n<p>Ces prototypes permettent une validation in situ afin d\u2019ajuster au mieux le design final aux cahier des charges et de v\u00e9rifier les tol\u00e9rances de fabrication pour obtenir une production sans surprises.<\/p>\n\n\n\n<figure class=\"wp-block-image size-large\"><img loading=\"lazy\" decoding=\"async\" width=\"1024\" height=\"346\" src=\"https:\/\/www.senplify.com\/wp-content\/uploads\/2023\/08\/image-2-1024x346.png\" alt=\"\" class=\"wp-image-295\" srcset=\"https:\/\/www.senplify.com\/wp-content\/uploads\/2023\/08\/image-2-1024x346.png 1024w, https:\/\/www.senplify.com\/wp-content\/uploads\/2023\/08\/image-2-300x101.png 300w, https:\/\/www.senplify.com\/wp-content\/uploads\/2023\/08\/image-2-768x259.png 768w, https:\/\/www.senplify.com\/wp-content\/uploads\/2023\/08\/image-2-1536x518.png 1536w, https:\/\/www.senplify.com\/wp-content\/uploads\/2023\/08\/image-2-2048x691.png 2048w, https:\/\/www.senplify.com\/wp-content\/uploads\/2023\/08\/image-2-1920x648.png 1920w\" sizes=\"auto, (max-width: 1024px) 100vw, 1024px\" \/><\/figure>\n","protected":false},"excerpt":{"rendered":"<p>Prototypage rapide pour une conception optimis\u00e9e Senplify con\u00e7oit des antennes UHF (LoRa, RFID, Bluetooth,..) d\u00e9di\u00e9es aux applications industrielles. Ces antennes r\u00e9pondent aux sp\u00e9cifications \u00e9lectriques et m\u00e9caniques ainsi qu\u2019aux exigences budg\u00e9taires. Ainsi Senplify con\u00e7oit ses antennes en tenant compte de la fabrication, en utilisant des mat\u00e9riaux standard et en minimisant les processus d&#8217;assemblage compliqu\u00e9s. Le processus&hellip; <br \/> <a class=\"read-more\" href=\"https:\/\/www.senplify.com\/index.php\/notre-savoir-faire\/conception-dantenne\/\">Read more<\/a><\/p>\n","protected":false},"author":2,"featured_media":279,"parent":39,"menu_order":0,"comment_status":"closed","ping_status":"closed","template":"","meta":{"footnotes":""},"class_list":["post-32","page","type-page","status-publish","has-post-thumbnail","hentry"],"yoast_head":"<!-- This site is optimized with the Yoast SEO plugin v27.5 - https:\/\/yoast.com\/product\/yoast-seo-wordpress\/ -->\n<title>Conception d&#039;antennes - Senplify<\/title>\n<meta name=\"description\" content=\"Senplify con\u00e7oit ou optimise des antennes pour l\u2019IOT (Bluetooth, LoRaWAN) adapt\u00e9es \u00e0 vos produits.\" \/>\n<meta name=\"robots\" content=\"index, follow, max-snippet:-1, max-image-preview:large, max-video-preview:-1\" \/>\n<link rel=\"canonical\" href=\"https:\/\/www.senplify.com\/index.php\/notre-savoir-faire\/conception-dantenne\/\" \/>\n<meta property=\"og:locale\" content=\"en_GB\" \/>\n<meta property=\"og:type\" content=\"article\" \/>\n<meta property=\"og:title\" content=\"Conception d&#039;antennes - Senplify\" \/>\n<meta property=\"og:description\" content=\"Senplify con\u00e7oit ou optimise des antennes pour l\u2019IOT (Bluetooth, LoRaWAN) adapt\u00e9es \u00e0 vos produits.\" \/>\n<meta property=\"og:url\" content=\"https:\/\/www.senplify.com\/index.php\/notre-savoir-faire\/conception-dantenne\/\" \/>\n<meta property=\"og:site_name\" content=\"Senplify\" \/>\n<meta property=\"article:modified_time\" content=\"2023-08-08T08:49:15+00:00\" \/>\n<meta property=\"og:image\" content=\"https:\/\/www.senplify.com\/wp-content\/uploads\/2023\/08\/smith-VNA-Bluetooth.png\" \/>\n\t<meta property=\"og:image:width\" content=\"737\" \/>\n\t<meta property=\"og:image:height\" content=\"511\" \/>\n\t<meta property=\"og:image:type\" content=\"image\/png\" \/>\n<meta name=\"twitter:card\" content=\"summary_large_image\" \/>\n<meta name=\"twitter:label1\" content=\"Estimated reading time\" \/>\n\t<meta name=\"twitter:data1\" content=\"2 minutes\" \/>\n<script type=\"application\/ld+json\" class=\"yoast-schema-graph\">{\"@context\":\"https:\\\/\\\/schema.org\",\"@graph\":[{\"@type\":\"WebPage\",\"@id\":\"https:\\\/\\\/www.senplify.com\\\/index.php\\\/notre-savoir-faire\\\/conception-dantenne\\\/\",\"url\":\"https:\\\/\\\/www.senplify.com\\\/index.php\\\/notre-savoir-faire\\\/conception-dantenne\\\/\",\"name\":\"Conception d'antennes - Senplify\",\"isPartOf\":{\"@id\":\"https:\\\/\\\/www.senplify.com\\\/#website\"},\"primaryImageOfPage\":{\"@id\":\"https:\\\/\\\/www.senplify.com\\\/index.php\\\/notre-savoir-faire\\\/conception-dantenne\\\/#primaryimage\"},\"image\":{\"@id\":\"https:\\\/\\\/www.senplify.com\\\/index.php\\\/notre-savoir-faire\\\/conception-dantenne\\\/#primaryimage\"},\"thumbnailUrl\":\"https:\\\/\\\/www.senplify.com\\\/wp-content\\\/uploads\\\/2023\\\/08\\\/smith-VNA-Bluetooth.png\",\"datePublished\":\"2017-08-15T11:46:55+00:00\",\"dateModified\":\"2023-08-08T08:49:15+00:00\",\"description\":\"Senplify con\u00e7oit ou optimise des antennes pour l\u2019IOT (Bluetooth, LoRaWAN) adapt\u00e9es \u00e0 vos produits.\",\"breadcrumb\":{\"@id\":\"https:\\\/\\\/www.senplify.com\\\/index.php\\\/notre-savoir-faire\\\/conception-dantenne\\\/#breadcrumb\"},\"inLanguage\":\"en-GB\",\"potentialAction\":[{\"@type\":\"ReadAction\",\"target\":[\"https:\\\/\\\/www.senplify.com\\\/index.php\\\/notre-savoir-faire\\\/conception-dantenne\\\/\"]}]},{\"@type\":\"ImageObject\",\"inLanguage\":\"en-GB\",\"@id\":\"https:\\\/\\\/www.senplify.com\\\/index.php\\\/notre-savoir-faire\\\/conception-dantenne\\\/#primaryimage\",\"url\":\"https:\\\/\\\/www.senplify.com\\\/wp-content\\\/uploads\\\/2023\\\/08\\\/smith-VNA-Bluetooth.png\",\"contentUrl\":\"https:\\\/\\\/www.senplify.com\\\/wp-content\\\/uploads\\\/2023\\\/08\\\/smith-VNA-Bluetooth.png\",\"width\":737,\"height\":511},{\"@type\":\"BreadcrumbList\",\"@id\":\"https:\\\/\\\/www.senplify.com\\\/index.php\\\/notre-savoir-faire\\\/conception-dantenne\\\/#breadcrumb\",\"itemListElement\":[{\"@type\":\"ListItem\",\"position\":1,\"name\":\"Home\",\"item\":\"https:\\\/\\\/www.senplify.com\\\/\"},{\"@type\":\"ListItem\",\"position\":2,\"name\":\"Notre savoir-faire\",\"item\":\"https:\\\/\\\/www.senplify.com\\\/index.php\\\/notre-savoir-faire\\\/\"},{\"@type\":\"ListItem\",\"position\":3,\"name\":\"Conception d&#8217;antennes\"}]},{\"@type\":\"WebSite\",\"@id\":\"https:\\\/\\\/www.senplify.com\\\/#website\",\"url\":\"https:\\\/\\\/www.senplify.com\\\/\",\"name\":\"Senplify\",\"description\":\"Votre partenaire capteurs connect\u00e9s de A \u00e0 Z\",\"publisher\":{\"@id\":\"https:\\\/\\\/www.senplify.com\\\/#organization\"},\"potentialAction\":[{\"@type\":\"SearchAction\",\"target\":{\"@type\":\"EntryPoint\",\"urlTemplate\":\"https:\\\/\\\/www.senplify.com\\\/?s={search_term_string}\"},\"query-input\":{\"@type\":\"PropertyValueSpecification\",\"valueRequired\":true,\"valueName\":\"search_term_string\"}}],\"inLanguage\":\"en-GB\"},{\"@type\":\"Organization\",\"@id\":\"https:\\\/\\\/www.senplify.com\\\/#organization\",\"name\":\"Senplify\",\"url\":\"https:\\\/\\\/www.senplify.com\\\/\",\"logo\":{\"@type\":\"ImageObject\",\"inLanguage\":\"en-GB\",\"@id\":\"https:\\\/\\\/www.senplify.com\\\/#\\\/schema\\\/logo\\\/image\\\/\",\"url\":\"https:\\\/\\\/www.senplify.com\\\/wp-content\\\/uploads\\\/2020\\\/03\\\/cropped-cropped-embleme-cropped-270x270-1-150x150-1.png\",\"contentUrl\":\"https:\\\/\\\/www.senplify.com\\\/wp-content\\\/uploads\\\/2020\\\/03\\\/cropped-cropped-embleme-cropped-270x270-1-150x150-1.png\",\"width\":150,\"height\":150,\"caption\":\"Senplify\"},\"image\":{\"@id\":\"https:\\\/\\\/www.senplify.com\\\/#\\\/schema\\\/logo\\\/image\\\/\"}}]}<\/script>\n<!-- \/ Yoast SEO plugin. -->","yoast_head_json":{"title":"Conception d'antennes - Senplify","description":"Senplify con\u00e7oit ou optimise des antennes pour l\u2019IOT (Bluetooth, LoRaWAN) adapt\u00e9es \u00e0 vos produits.","robots":{"index":"index","follow":"follow","max-snippet":"max-snippet:-1","max-image-preview":"max-image-preview:large","max-video-preview":"max-video-preview:-1"},"canonical":"https:\/\/www.senplify.com\/index.php\/notre-savoir-faire\/conception-dantenne\/","og_locale":"en_GB","og_type":"article","og_title":"Conception d'antennes - Senplify","og_description":"Senplify con\u00e7oit ou optimise des antennes pour l\u2019IOT (Bluetooth, LoRaWAN) adapt\u00e9es \u00e0 vos produits.","og_url":"https:\/\/www.senplify.com\/index.php\/notre-savoir-faire\/conception-dantenne\/","og_site_name":"Senplify","article_modified_time":"2023-08-08T08:49:15+00:00","og_image":[{"width":737,"height":511,"url":"https:\/\/www.senplify.com\/wp-content\/uploads\/2023\/08\/smith-VNA-Bluetooth.png","type":"image\/png"}],"twitter_card":"summary_large_image","twitter_misc":{"Estimated reading time":"2 minutes"},"schema":{"@context":"https:\/\/schema.org","@graph":[{"@type":"WebPage","@id":"https:\/\/www.senplify.com\/index.php\/notre-savoir-faire\/conception-dantenne\/","url":"https:\/\/www.senplify.com\/index.php\/notre-savoir-faire\/conception-dantenne\/","name":"Conception d'antennes - Senplify","isPartOf":{"@id":"https:\/\/www.senplify.com\/#website"},"primaryImageOfPage":{"@id":"https:\/\/www.senplify.com\/index.php\/notre-savoir-faire\/conception-dantenne\/#primaryimage"},"image":{"@id":"https:\/\/www.senplify.com\/index.php\/notre-savoir-faire\/conception-dantenne\/#primaryimage"},"thumbnailUrl":"https:\/\/www.senplify.com\/wp-content\/uploads\/2023\/08\/smith-VNA-Bluetooth.png","datePublished":"2017-08-15T11:46:55+00:00","dateModified":"2023-08-08T08:49:15+00:00","description":"Senplify con\u00e7oit ou optimise des antennes pour l\u2019IOT (Bluetooth, LoRaWAN) adapt\u00e9es \u00e0 vos produits.","breadcrumb":{"@id":"https:\/\/www.senplify.com\/index.php\/notre-savoir-faire\/conception-dantenne\/#breadcrumb"},"inLanguage":"en-GB","potentialAction":[{"@type":"ReadAction","target":["https:\/\/www.senplify.com\/index.php\/notre-savoir-faire\/conception-dantenne\/"]}]},{"@type":"ImageObject","inLanguage":"en-GB","@id":"https:\/\/www.senplify.com\/index.php\/notre-savoir-faire\/conception-dantenne\/#primaryimage","url":"https:\/\/www.senplify.com\/wp-content\/uploads\/2023\/08\/smith-VNA-Bluetooth.png","contentUrl":"https:\/\/www.senplify.com\/wp-content\/uploads\/2023\/08\/smith-VNA-Bluetooth.png","width":737,"height":511},{"@type":"BreadcrumbList","@id":"https:\/\/www.senplify.com\/index.php\/notre-savoir-faire\/conception-dantenne\/#breadcrumb","itemListElement":[{"@type":"ListItem","position":1,"name":"Home","item":"https:\/\/www.senplify.com\/"},{"@type":"ListItem","position":2,"name":"Notre savoir-faire","item":"https:\/\/www.senplify.com\/index.php\/notre-savoir-faire\/"},{"@type":"ListItem","position":3,"name":"Conception d&#8217;antennes"}]},{"@type":"WebSite","@id":"https:\/\/www.senplify.com\/#website","url":"https:\/\/www.senplify.com\/","name":"Senplify","description":"Votre partenaire capteurs connect\u00e9s de A \u00e0 Z","publisher":{"@id":"https:\/\/www.senplify.com\/#organization"},"potentialAction":[{"@type":"SearchAction","target":{"@type":"EntryPoint","urlTemplate":"https:\/\/www.senplify.com\/?s={search_term_string}"},"query-input":{"@type":"PropertyValueSpecification","valueRequired":true,"valueName":"search_term_string"}}],"inLanguage":"en-GB"},{"@type":"Organization","@id":"https:\/\/www.senplify.com\/#organization","name":"Senplify","url":"https:\/\/www.senplify.com\/","logo":{"@type":"ImageObject","inLanguage":"en-GB","@id":"https:\/\/www.senplify.com\/#\/schema\/logo\/image\/","url":"https:\/\/www.senplify.com\/wp-content\/uploads\/2020\/03\/cropped-cropped-embleme-cropped-270x270-1-150x150-1.png","contentUrl":"https:\/\/www.senplify.com\/wp-content\/uploads\/2020\/03\/cropped-cropped-embleme-cropped-270x270-1-150x150-1.png","width":150,"height":150,"caption":"Senplify"},"image":{"@id":"https:\/\/www.senplify.com\/#\/schema\/logo\/image\/"}}]}},"_links":{"self":[{"href":"https:\/\/www.senplify.com\/index.php\/wp-json\/wp\/v2\/pages\/32","targetHints":{"allow":["GET"]}}],"collection":[{"href":"https:\/\/www.senplify.com\/index.php\/wp-json\/wp\/v2\/pages"}],"about":[{"href":"https:\/\/www.senplify.com\/index.php\/wp-json\/wp\/v2\/types\/page"}],"author":[{"embeddable":true,"href":"https:\/\/www.senplify.com\/index.php\/wp-json\/wp\/v2\/users\/2"}],"replies":[{"embeddable":true,"href":"https:\/\/www.senplify.com\/index.php\/wp-json\/wp\/v2\/comments?post=32"}],"version-history":[{"count":23,"href":"https:\/\/www.senplify.com\/index.php\/wp-json\/wp\/v2\/pages\/32\/revisions"}],"predecessor-version":[{"id":301,"href":"https:\/\/www.senplify.com\/index.php\/wp-json\/wp\/v2\/pages\/32\/revisions\/301"}],"up":[{"embeddable":true,"href":"https:\/\/www.senplify.com\/index.php\/wp-json\/wp\/v2\/pages\/39"}],"wp:featuredmedia":[{"embeddable":true,"href":"https:\/\/www.senplify.com\/index.php\/wp-json\/wp\/v2\/media\/279"}],"wp:attachment":[{"href":"https:\/\/www.senplify.com\/index.php\/wp-json\/wp\/v2\/media?parent=32"}],"curies":[{"name":"wp","href":"https:\/\/api.w.org\/{rel}","templated":true}]}}