{"id":149,"date":"2020-03-02T14:09:23","date_gmt":"2020-03-02T14:09:23","guid":{"rendered":"https:\/\/www.senplify.com\/?page_id=149"},"modified":"2020-03-02T15:26:23","modified_gmt":"2020-03-02T15:26:23","slug":"automatisation-du-deploiement-de-capteur-sans-fil","status":"publish","type":"page","link":"https:\/\/www.senplify.com\/index.php\/quelques-realisations\/automatisation-du-deploiement-de-capteur-sans-fil\/","title":{"rendered":"Automatisation du d\u00e9ploiement de capteur sans fil"},"content":{"rendered":"\n<h2 class=\"wp-block-heading\">D\u00e9ploiement automatis\u00e9<\/h2>\n\n\n\n<p> La configuration, le d\u00e9ploiement et la supervision des produits LoRaWAN con\u00e7us par Senplify est automatis\u00e9e.  Afin de pourvoir se connecter au r\u00e9seau LoRaWAN, chaque produit doit contenir des identifiants et une clef. La solution de Senplify est une configuration sans contact sur la ligne de production et qui ne n\u00e9cessite pas une alimentation du produit. La configuration est r\u00e9alis\u00e9e \u00e0 travers le bo\u00eetier via une une liaison NFC de la famille <a href=\"https:\/\/www.st.com\/en\/nfc\/st25dv-i2c-series-dynamic-nfc-tags.html\">Dynamic NFC Tags<\/a> de STMicroelectronics. , avec une consommation RF nulle, apporte une liaison sans fil efficiente.<\/p>\n\n\n\n<p>L\u2019automatisation du d\u00e9ploiement dans le r\u00e9seau RF optimise les co\u00fbt d\u2019installation tout en minimisant les interventions humaines. La <a href=\"https:\/\/www.thethingsnetwork.org\/docs\/network\/cli\/\">console de the Things Network<\/a> permet la gestion des parcs des capteurs et est utilis\u00e9e comme interface entre les serveurs de productions et le r\u00e9seau LoRaWAN.<\/p>\n\n\n\n<h2 class=\"wp-block-heading\">Supervision temps r\u00e9el<\/h2>\n\n\n\n<p> Les produits Senplify int\u00e8gre une contr\u00f4le in situ des \u00e9l\u00e9ments clefs renseignant sur leur \u00e9tat de sant\u00e9 tel que la consommation \u00e9nerg\u00e9tique, l\u2019\u00e9tanch\u00e9it\u00e9, la temp\u00e9rature,.\u2026 Ces meta-data sont remont\u00e9s depuis le terrain r\u00e9guli\u00e8rement afin de d\u00e9tecter au plus t\u00f4t des d\u00e9faillances.  Leur supervision est r\u00e9alis\u00e9e gr\u00e2ce \u00e0 la plateforme <a href=\"https:\/\/grafana.com\">Grafana<\/a>. <\/p>\n","protected":false},"excerpt":{"rendered":"<p>D\u00e9ploiement automatis\u00e9 La configuration, le d\u00e9ploiement et la supervision des produits LoRaWAN con\u00e7us par Senplify est automatis\u00e9e. Afin de pourvoir se connecter au r\u00e9seau LoRaWAN, chaque produit doit contenir des identifiants et une clef. La solution de Senplify est une configuration sans contact sur la ligne de production et qui ne n\u00e9cessite pas une alimentation&hellip; <br \/> <a class=\"read-more\" href=\"https:\/\/www.senplify.com\/index.php\/quelques-realisations\/automatisation-du-deploiement-de-capteur-sans-fil\/\">Read more<\/a><\/p>\n","protected":false},"author":2,"featured_media":158,"parent":146,"menu_order":0,"comment_status":"closed","ping_status":"closed","template":"","meta":{"footnotes":""},"class_list":["post-149","page","type-page","status-publish","has-post-thumbnail","hentry"],"yoast_head":"<!-- This site is optimized with the Yoast SEO plugin v27.5 - https:\/\/yoast.com\/product\/yoast-seo-wordpress\/ -->\n<title>Automatisation du d\u00e9ploiement de capteur sans fil - Senplify<\/title>\n<meta name=\"robots\" content=\"index, follow, max-snippet:-1, max-image-preview:large, max-video-preview:-1\" \/>\n<link rel=\"canonical\" href=\"https:\/\/www.senplify.com\/index.php\/quelques-realisations\/automatisation-du-deploiement-de-capteur-sans-fil\/\" \/>\n<meta property=\"og:locale\" content=\"en_GB\" \/>\n<meta property=\"og:type\" content=\"article\" \/>\n<meta property=\"og:title\" content=\"Automatisation du d\u00e9ploiement de capteur sans fil - Senplify\" \/>\n<meta property=\"og:description\" content=\"D\u00e9ploiement automatis\u00e9 La configuration, le d\u00e9ploiement et la supervision des produits LoRaWAN con\u00e7us par Senplify est automatis\u00e9e. Afin de pourvoir se connecter au r\u00e9seau LoRaWAN, chaque produit doit contenir des identifiants et une clef. La solution de Senplify est une configuration sans contact sur la ligne de production et qui ne n\u00e9cessite pas une alimentation&hellip; Read more\" \/>\n<meta property=\"og:url\" content=\"https:\/\/www.senplify.com\/index.php\/quelques-realisations\/automatisation-du-deploiement-de-capteur-sans-fil\/\" \/>\n<meta property=\"og:site_name\" content=\"Senplify\" \/>\n<meta property=\"article:modified_time\" content=\"2020-03-02T15:26:23+00:00\" \/>\n<meta property=\"og:image\" content=\"https:\/\/www.senplify.com\/wp-content\/uploads\/2020\/03\/grafana.png\" \/>\n\t<meta property=\"og:image:width\" content=\"1847\" \/>\n\t<meta property=\"og:image:height\" content=\"870\" \/>\n\t<meta property=\"og:image:type\" content=\"image\/png\" \/>\n<meta name=\"twitter:card\" content=\"summary_large_image\" \/>\n<meta name=\"twitter:label1\" content=\"Estimated reading time\" \/>\n\t<meta name=\"twitter:data1\" content=\"1 minute\" \/>\n<script type=\"application\/ld+json\" class=\"yoast-schema-graph\">{\"@context\":\"https:\\\/\\\/schema.org\",\"@graph\":[{\"@type\":\"WebPage\",\"@id\":\"https:\\\/\\\/www.senplify.com\\\/index.php\\\/quelques-realisations\\\/automatisation-du-deploiement-de-capteur-sans-fil\\\/\",\"url\":\"https:\\\/\\\/www.senplify.com\\\/index.php\\\/quelques-realisations\\\/automatisation-du-deploiement-de-capteur-sans-fil\\\/\",\"name\":\"Automatisation du d\u00e9ploiement de capteur sans fil - Senplify\",\"isPartOf\":{\"@id\":\"https:\\\/\\\/www.senplify.com\\\/#website\"},\"primaryImageOfPage\":{\"@id\":\"https:\\\/\\\/www.senplify.com\\\/index.php\\\/quelques-realisations\\\/automatisation-du-deploiement-de-capteur-sans-fil\\\/#primaryimage\"},\"image\":{\"@id\":\"https:\\\/\\\/www.senplify.com\\\/index.php\\\/quelques-realisations\\\/automatisation-du-deploiement-de-capteur-sans-fil\\\/#primaryimage\"},\"thumbnailUrl\":\"https:\\\/\\\/www.senplify.com\\\/wp-content\\\/uploads\\\/2020\\\/03\\\/grafana.png\",\"datePublished\":\"2020-03-02T14:09:23+00:00\",\"dateModified\":\"2020-03-02T15:26:23+00:00\",\"breadcrumb\":{\"@id\":\"https:\\\/\\\/www.senplify.com\\\/index.php\\\/quelques-realisations\\\/automatisation-du-deploiement-de-capteur-sans-fil\\\/#breadcrumb\"},\"inLanguage\":\"en-GB\",\"potentialAction\":[{\"@type\":\"ReadAction\",\"target\":[\"https:\\\/\\\/www.senplify.com\\\/index.php\\\/quelques-realisations\\\/automatisation-du-deploiement-de-capteur-sans-fil\\\/\"]}]},{\"@type\":\"ImageObject\",\"inLanguage\":\"en-GB\",\"@id\":\"https:\\\/\\\/www.senplify.com\\\/index.php\\\/quelques-realisations\\\/automatisation-du-deploiement-de-capteur-sans-fil\\\/#primaryimage\",\"url\":\"https:\\\/\\\/www.senplify.com\\\/wp-content\\\/uploads\\\/2020\\\/03\\\/grafana.png\",\"contentUrl\":\"https:\\\/\\\/www.senplify.com\\\/wp-content\\\/uploads\\\/2020\\\/03\\\/grafana.png\",\"width\":1847,\"height\":870},{\"@type\":\"BreadcrumbList\",\"@id\":\"https:\\\/\\\/www.senplify.com\\\/index.php\\\/quelques-realisations\\\/automatisation-du-deploiement-de-capteur-sans-fil\\\/#breadcrumb\",\"itemListElement\":[{\"@type\":\"ListItem\",\"position\":1,\"name\":\"Home\",\"item\":\"https:\\\/\\\/www.senplify.com\\\/\"},{\"@type\":\"ListItem\",\"position\":2,\"name\":\"Quelques r\u00e9alisations\",\"item\":\"https:\\\/\\\/www.senplify.com\\\/index.php\\\/quelques-realisations\\\/\"},{\"@type\":\"ListItem\",\"position\":3,\"name\":\"Automatisation du d\u00e9ploiement de capteur sans fil\"}]},{\"@type\":\"WebSite\",\"@id\":\"https:\\\/\\\/www.senplify.com\\\/#website\",\"url\":\"https:\\\/\\\/www.senplify.com\\\/\",\"name\":\"Senplify\",\"description\":\"Votre partenaire capteurs connect\u00e9s de A \u00e0 Z\",\"publisher\":{\"@id\":\"https:\\\/\\\/www.senplify.com\\\/#organization\"},\"potentialAction\":[{\"@type\":\"SearchAction\",\"target\":{\"@type\":\"EntryPoint\",\"urlTemplate\":\"https:\\\/\\\/www.senplify.com\\\/?s={search_term_string}\"},\"query-input\":{\"@type\":\"PropertyValueSpecification\",\"valueRequired\":true,\"valueName\":\"search_term_string\"}}],\"inLanguage\":\"en-GB\"},{\"@type\":\"Organization\",\"@id\":\"https:\\\/\\\/www.senplify.com\\\/#organization\",\"name\":\"Senplify\",\"url\":\"https:\\\/\\\/www.senplify.com\\\/\",\"logo\":{\"@type\":\"ImageObject\",\"inLanguage\":\"en-GB\",\"@id\":\"https:\\\/\\\/www.senplify.com\\\/#\\\/schema\\\/logo\\\/image\\\/\",\"url\":\"https:\\\/\\\/www.senplify.com\\\/wp-content\\\/uploads\\\/2020\\\/03\\\/cropped-cropped-embleme-cropped-270x270-1-150x150-1.png\",\"contentUrl\":\"https:\\\/\\\/www.senplify.com\\\/wp-content\\\/uploads\\\/2020\\\/03\\\/cropped-cropped-embleme-cropped-270x270-1-150x150-1.png\",\"width\":150,\"height\":150,\"caption\":\"Senplify\"},\"image\":{\"@id\":\"https:\\\/\\\/www.senplify.com\\\/#\\\/schema\\\/logo\\\/image\\\/\"}}]}<\/script>\n<!-- \/ Yoast SEO plugin. -->","yoast_head_json":{"title":"Automatisation du d\u00e9ploiement de capteur sans fil - Senplify","robots":{"index":"index","follow":"follow","max-snippet":"max-snippet:-1","max-image-preview":"max-image-preview:large","max-video-preview":"max-video-preview:-1"},"canonical":"https:\/\/www.senplify.com\/index.php\/quelques-realisations\/automatisation-du-deploiement-de-capteur-sans-fil\/","og_locale":"en_GB","og_type":"article","og_title":"Automatisation du d\u00e9ploiement de capteur sans fil - Senplify","og_description":"D\u00e9ploiement automatis\u00e9 La configuration, le d\u00e9ploiement et la supervision des produits LoRaWAN con\u00e7us par Senplify est automatis\u00e9e. Afin de pourvoir se connecter au r\u00e9seau LoRaWAN, chaque produit doit contenir des identifiants et une clef. La solution de Senplify est une configuration sans contact sur la ligne de production et qui ne n\u00e9cessite pas une alimentation&hellip; Read more","og_url":"https:\/\/www.senplify.com\/index.php\/quelques-realisations\/automatisation-du-deploiement-de-capteur-sans-fil\/","og_site_name":"Senplify","article_modified_time":"2020-03-02T15:26:23+00:00","og_image":[{"width":1847,"height":870,"url":"https:\/\/www.senplify.com\/wp-content\/uploads\/2020\/03\/grafana.png","type":"image\/png"}],"twitter_card":"summary_large_image","twitter_misc":{"Estimated reading time":"1 minute"},"schema":{"@context":"https:\/\/schema.org","@graph":[{"@type":"WebPage","@id":"https:\/\/www.senplify.com\/index.php\/quelques-realisations\/automatisation-du-deploiement-de-capteur-sans-fil\/","url":"https:\/\/www.senplify.com\/index.php\/quelques-realisations\/automatisation-du-deploiement-de-capteur-sans-fil\/","name":"Automatisation du d\u00e9ploiement de capteur sans fil - Senplify","isPartOf":{"@id":"https:\/\/www.senplify.com\/#website"},"primaryImageOfPage":{"@id":"https:\/\/www.senplify.com\/index.php\/quelques-realisations\/automatisation-du-deploiement-de-capteur-sans-fil\/#primaryimage"},"image":{"@id":"https:\/\/www.senplify.com\/index.php\/quelques-realisations\/automatisation-du-deploiement-de-capteur-sans-fil\/#primaryimage"},"thumbnailUrl":"https:\/\/www.senplify.com\/wp-content\/uploads\/2020\/03\/grafana.png","datePublished":"2020-03-02T14:09:23+00:00","dateModified":"2020-03-02T15:26:23+00:00","breadcrumb":{"@id":"https:\/\/www.senplify.com\/index.php\/quelques-realisations\/automatisation-du-deploiement-de-capteur-sans-fil\/#breadcrumb"},"inLanguage":"en-GB","potentialAction":[{"@type":"ReadAction","target":["https:\/\/www.senplify.com\/index.php\/quelques-realisations\/automatisation-du-deploiement-de-capteur-sans-fil\/"]}]},{"@type":"ImageObject","inLanguage":"en-GB","@id":"https:\/\/www.senplify.com\/index.php\/quelques-realisations\/automatisation-du-deploiement-de-capteur-sans-fil\/#primaryimage","url":"https:\/\/www.senplify.com\/wp-content\/uploads\/2020\/03\/grafana.png","contentUrl":"https:\/\/www.senplify.com\/wp-content\/uploads\/2020\/03\/grafana.png","width":1847,"height":870},{"@type":"BreadcrumbList","@id":"https:\/\/www.senplify.com\/index.php\/quelques-realisations\/automatisation-du-deploiement-de-capteur-sans-fil\/#breadcrumb","itemListElement":[{"@type":"ListItem","position":1,"name":"Home","item":"https:\/\/www.senplify.com\/"},{"@type":"ListItem","position":2,"name":"Quelques r\u00e9alisations","item":"https:\/\/www.senplify.com\/index.php\/quelques-realisations\/"},{"@type":"ListItem","position":3,"name":"Automatisation du d\u00e9ploiement de capteur sans fil"}]},{"@type":"WebSite","@id":"https:\/\/www.senplify.com\/#website","url":"https:\/\/www.senplify.com\/","name":"Senplify","description":"Votre partenaire capteurs connect\u00e9s de A \u00e0 Z","publisher":{"@id":"https:\/\/www.senplify.com\/#organization"},"potentialAction":[{"@type":"SearchAction","target":{"@type":"EntryPoint","urlTemplate":"https:\/\/www.senplify.com\/?s={search_term_string}"},"query-input":{"@type":"PropertyValueSpecification","valueRequired":true,"valueName":"search_term_string"}}],"inLanguage":"en-GB"},{"@type":"Organization","@id":"https:\/\/www.senplify.com\/#organization","name":"Senplify","url":"https:\/\/www.senplify.com\/","logo":{"@type":"ImageObject","inLanguage":"en-GB","@id":"https:\/\/www.senplify.com\/#\/schema\/logo\/image\/","url":"https:\/\/www.senplify.com\/wp-content\/uploads\/2020\/03\/cropped-cropped-embleme-cropped-270x270-1-150x150-1.png","contentUrl":"https:\/\/www.senplify.com\/wp-content\/uploads\/2020\/03\/cropped-cropped-embleme-cropped-270x270-1-150x150-1.png","width":150,"height":150,"caption":"Senplify"},"image":{"@id":"https:\/\/www.senplify.com\/#\/schema\/logo\/image\/"}}]}},"_links":{"self":[{"href":"https:\/\/www.senplify.com\/index.php\/wp-json\/wp\/v2\/pages\/149","targetHints":{"allow":["GET"]}}],"collection":[{"href":"https:\/\/www.senplify.com\/index.php\/wp-json\/wp\/v2\/pages"}],"about":[{"href":"https:\/\/www.senplify.com\/index.php\/wp-json\/wp\/v2\/types\/page"}],"author":[{"embeddable":true,"href":"https:\/\/www.senplify.com\/index.php\/wp-json\/wp\/v2\/users\/2"}],"replies":[{"embeddable":true,"href":"https:\/\/www.senplify.com\/index.php\/wp-json\/wp\/v2\/comments?post=149"}],"version-history":[{"count":3,"href":"https:\/\/www.senplify.com\/index.php\/wp-json\/wp\/v2\/pages\/149\/revisions"}],"predecessor-version":[{"id":152,"href":"https:\/\/www.senplify.com\/index.php\/wp-json\/wp\/v2\/pages\/149\/revisions\/152"}],"up":[{"embeddable":true,"href":"https:\/\/www.senplify.com\/index.php\/wp-json\/wp\/v2\/pages\/146"}],"wp:featuredmedia":[{"embeddable":true,"href":"https:\/\/www.senplify.com\/index.php\/wp-json\/wp\/v2\/media\/158"}],"wp:attachment":[{"href":"https:\/\/www.senplify.com\/index.php\/wp-json\/wp\/v2\/media?parent=149"}],"curies":[{"name":"wp","href":"https:\/\/api.w.org\/{rel}","templated":true}]}}